{"id":70,"date":"2010-12-30T21:39:11","date_gmt":"2010-12-30T21:39:11","guid":{"rendered":"https:\/\/scaffolding-pafili.com"},"modified":"2017-01-25T08:10:42","modified_gmt":"2017-01-25T08:10:42","slug":"uber-uns","status":"publish","type":"page","link":"https:\/\/scaffolding-pafili.com\/de\/uber-uns","title":{"rendered":"\u00dcber uns"},"content":{"rendered":"<h2>Pafili Scaffolding &amp; Trading Ltd<\/h2>\n<p>Unser Unternehmen nahm seinen Anfang als Gro\u00dfh\u00e4ndler f\u00fcr Pafili s.a. Greece, (ein Mitglied der S.I.A. Scaffold Industry Association) \u00a0&#8211; ein Industriebetrieb f\u00fcr international gesch\u00e4tzte Metallschalungen, Tragwerke und Ger\u00fcste, die EU und internationalen Standards entsprechen.<\/p>\n<p><strong>Europ\u00e4ische Union &#8211; Deutschland &#8211; Australien &#8211; U.S.A.<\/strong><\/p>\n<p>Pafili Scaffolding ist zwischenzeitlich einen Schritt weiter gegangen und bietet heute seinen hoch gesch\u00e4tzten internationalen Kunden eine erweiterte Palette von Optionen und L\u00f6sungen f\u00fcr ihre individuellen Bed\u00fcrfnisse im Bausektor. Beispielsweise stehen nun zu Ger\u00fcstsystemen in lackiertem Stahl zus\u00e4tzlich auch verzinkte und leichtgewichtige Aluminiumger\u00fcste zur Verf\u00fcgung.<\/p>\n<p>Neben Eigenprodukten freut sich Pafili Scaffolding mit <a href=\"http:\/\/www.ringer.at\">RINGER<\/a> zu kooperieren, um eine noch gr\u00f6\u00dfere Palette von Optionen offerieren zu k\u00f6nnen.<\/p>\n<p>Pafili Ger\u00fcstsysteme bieten h\u00f6chste Produktqualit\u00e4t, sind einfach und schnell einsatzbar und vor allen Dingen kosteng\u00fcnstig &#8211; Ausgaben k\u00f6nnen sp\u00fcrbar durch verringerten Zeit- und Arbeitsaufwand reduziert werden.<\/p>\n<p>Unterst\u00fctzung in Form von technischer Beratung und Betreuung werden gerne in allen Phasen des Bauprojektes je nach Bedarfslage bereitgestellt.<\/p>\n","protected":false},"excerpt":{"rendered":"<p>Pafili Scaffolding &amp; Trading Ltd Unser Unternehmen nahm seinen Anfang als Gro\u00dfh\u00e4ndler f\u00fcr Pafili s.a. Greece, (ein Mitglied der S.I.A. Scaffold Industry Association) \u00a0&#8211; ein Industriebetrieb f\u00fcr international gesch\u00e4tzte Metallschalungen, Tragwerke und Ger\u00fcste, die EU und internationalen Standards entsprechen. Europ\u00e4ische Union &#8211; Deutschland &#8211; Australien &#8211; U.S.A. Pafili Scaffolding ist zwischenzeitlich einen Schritt weiter gegangen [&hellip;]<\/p>\n","protected":false},"author":5,"featured_media":0,"parent":0,"menu_order":60,"comment_status":"closed","ping_status":"open","template":"","meta":{"nf_dc_page":"","footnotes":""},"class_list":["post-70","page","type-page","status-publish","hentry"],"yoast_head":"<!-- This site is optimized with the Yoast SEO plugin v27.3 - https:\/\/yoast.com\/product\/yoast-seo-wordpress\/ -->\n<title>\u00dcber uns &#8212; Scaffolding-Pafili<\/title>\n<meta name=\"robots\" content=\"index, follow, max-snippet:-1, max-image-preview:large, max-video-preview:-1\" \/>\n<link rel=\"canonical\" href=\"https:\/\/scaffolding-pafili.com\/de\/uber-uns\" \/>\n<meta property=\"og:locale\" content=\"de_DE\" \/>\n<meta property=\"og:type\" content=\"article\" \/>\n<meta property=\"og:title\" content=\"\u00dcber uns &#8212; Scaffolding-Pafili\" \/>\n<meta property=\"og:description\" content=\"Pafili Scaffolding &amp; Trading Ltd Unser Unternehmen nahm seinen Anfang als Gro\u00dfh\u00e4ndler f\u00fcr Pafili s.a. Greece, (ein Mitglied der S.I.A. Scaffold Industry Association) \u00a0&#8211; ein Industriebetrieb f\u00fcr international gesch\u00e4tzte Metallschalungen, Tragwerke und Ger\u00fcste, die EU und internationalen Standards entsprechen. Europ\u00e4ische Union &#8211; Deutschland &#8211; Australien &#8211; U.S.A. Pafili Scaffolding ist zwischenzeitlich einen Schritt weiter gegangen [&hellip;]\" \/>\n<meta property=\"og:url\" content=\"https:\/\/scaffolding-pafili.com\/de\/uber-uns\" \/>\n<meta property=\"og:site_name\" content=\"Scaffolding-Pafili\" \/>\n<meta property=\"article:modified_time\" content=\"2017-01-25T08:10:42+00:00\" \/>\n<meta name=\"twitter:card\" content=\"summary_large_image\" \/>\n<meta name=\"twitter:label1\" content=\"Gesch\u00e4tzte Lesezeit\" \/>\n\t<meta name=\"twitter:data1\" content=\"1\u00a0Minute\" \/>\n<script type=\"application\/ld+json\" class=\"yoast-schema-graph\">{\"@context\":\"https:\\\/\\\/schema.org\",\"@graph\":[{\"@type\":\"WebPage\",\"@id\":\"https:\\\/\\\/scaffolding-pafili.com\\\/de\\\/uber-uns\",\"url\":\"https:\\\/\\\/scaffolding-pafili.com\\\/de\\\/uber-uns\",\"name\":\"\u00dcber uns &#8212; Scaffolding-Pafili\",\"isPartOf\":{\"@id\":\"https:\\\/\\\/scaffolding-pafili.com\\\/#website\"},\"datePublished\":\"2010-12-30T21:39:11+00:00\",\"dateModified\":\"2017-01-25T08:10:42+00:00\",\"breadcrumb\":{\"@id\":\"https:\\\/\\\/scaffolding-pafili.com\\\/de\\\/uber-uns#breadcrumb\"},\"inLanguage\":\"de\",\"potentialAction\":[{\"@type\":\"ReadAction\",\"target\":[\"https:\\\/\\\/scaffolding-pafili.com\\\/de\\\/uber-uns\"]}]},{\"@type\":\"BreadcrumbList\",\"@id\":\"https:\\\/\\\/scaffolding-pafili.com\\\/de\\\/uber-uns#breadcrumb\",\"itemListElement\":[{\"@type\":\"ListItem\",\"position\":1,\"name\":\"Home\",\"item\":\"https:\\\/\\\/scaffolding-pafili.com\\\/\"},{\"@type\":\"ListItem\",\"position\":2,\"name\":\"\u00dcber uns\"}]},{\"@type\":\"WebSite\",\"@id\":\"https:\\\/\\\/scaffolding-pafili.com\\\/#website\",\"url\":\"https:\\\/\\\/scaffolding-pafili.com\\\/\",\"name\":\"Scaffolding-Pafili\",\"description\":\"Professional scaffolding, shuttering and shoring systems\",\"potentialAction\":[{\"@type\":\"SearchAction\",\"target\":{\"@type\":\"EntryPoint\",\"urlTemplate\":\"https:\\\/\\\/scaffolding-pafili.com\\\/?s={search_term_string}\"},\"query-input\":{\"@type\":\"PropertyValueSpecification\",\"valueRequired\":true,\"valueName\":\"search_term_string\"}}],\"inLanguage\":\"de\"}]}<\/script>\n<!-- \/ Yoast SEO plugin. -->","yoast_head_json":{"title":"\u00dcber uns &#8212; Scaffolding-Pafili","robots":{"index":"index","follow":"follow","max-snippet":"max-snippet:-1","max-image-preview":"max-image-preview:large","max-video-preview":"max-video-preview:-1"},"canonical":"https:\/\/scaffolding-pafili.com\/de\/uber-uns","og_locale":"de_DE","og_type":"article","og_title":"\u00dcber uns &#8212; Scaffolding-Pafili","og_description":"Pafili Scaffolding &amp; Trading Ltd Unser Unternehmen nahm seinen Anfang als Gro\u00dfh\u00e4ndler f\u00fcr Pafili s.a. Greece, (ein Mitglied der S.I.A. Scaffold Industry Association) \u00a0&#8211; ein Industriebetrieb f\u00fcr international gesch\u00e4tzte Metallschalungen, Tragwerke und Ger\u00fcste, die EU und internationalen Standards entsprechen. Europ\u00e4ische Union &#8211; Deutschland &#8211; Australien &#8211; U.S.A. Pafili Scaffolding ist zwischenzeitlich einen Schritt weiter gegangen [&hellip;]","og_url":"https:\/\/scaffolding-pafili.com\/de\/uber-uns","og_site_name":"Scaffolding-Pafili","article_modified_time":"2017-01-25T08:10:42+00:00","twitter_card":"summary_large_image","twitter_misc":{"Gesch\u00e4tzte Lesezeit":"1\u00a0Minute"},"schema":{"@context":"https:\/\/schema.org","@graph":[{"@type":"WebPage","@id":"https:\/\/scaffolding-pafili.com\/de\/uber-uns","url":"https:\/\/scaffolding-pafili.com\/de\/uber-uns","name":"\u00dcber uns &#8212; Scaffolding-Pafili","isPartOf":{"@id":"https:\/\/scaffolding-pafili.com\/#website"},"datePublished":"2010-12-30T21:39:11+00:00","dateModified":"2017-01-25T08:10:42+00:00","breadcrumb":{"@id":"https:\/\/scaffolding-pafili.com\/de\/uber-uns#breadcrumb"},"inLanguage":"de","potentialAction":[{"@type":"ReadAction","target":["https:\/\/scaffolding-pafili.com\/de\/uber-uns"]}]},{"@type":"BreadcrumbList","@id":"https:\/\/scaffolding-pafili.com\/de\/uber-uns#breadcrumb","itemListElement":[{"@type":"ListItem","position":1,"name":"Home","item":"https:\/\/scaffolding-pafili.com\/"},{"@type":"ListItem","position":2,"name":"\u00dcber uns"}]},{"@type":"WebSite","@id":"https:\/\/scaffolding-pafili.com\/#website","url":"https:\/\/scaffolding-pafili.com\/","name":"Scaffolding-Pafili","description":"Professional scaffolding, shuttering and shoring systems","potentialAction":[{"@type":"SearchAction","target":{"@type":"EntryPoint","urlTemplate":"https:\/\/scaffolding-pafili.com\/?s={search_term_string}"},"query-input":{"@type":"PropertyValueSpecification","valueRequired":true,"valueName":"search_term_string"}}],"inLanguage":"de"}]}},"_links":{"self":[{"href":"https:\/\/scaffolding-pafili.com\/de\/wp-json\/wp\/v2\/pages\/70","targetHints":{"allow":["GET"]}}],"collection":[{"href":"https:\/\/scaffolding-pafili.com\/de\/wp-json\/wp\/v2\/pages"}],"about":[{"href":"https:\/\/scaffolding-pafili.com\/de\/wp-json\/wp\/v2\/types\/page"}],"author":[{"embeddable":true,"href":"https:\/\/scaffolding-pafili.com\/de\/wp-json\/wp\/v2\/users\/5"}],"replies":[{"embeddable":true,"href":"https:\/\/scaffolding-pafili.com\/de\/wp-json\/wp\/v2\/comments?post=70"}],"version-history":[{"count":1,"href":"https:\/\/scaffolding-pafili.com\/de\/wp-json\/wp\/v2\/pages\/70\/revisions"}],"predecessor-version":[{"id":816,"href":"https:\/\/scaffolding-pafili.com\/de\/wp-json\/wp\/v2\/pages\/70\/revisions\/816"}],"wp:attachment":[{"href":"https:\/\/scaffolding-pafili.com\/de\/wp-json\/wp\/v2\/media?parent=70"}],"curies":[{"name":"wp","href":"https:\/\/api.w.org\/{rel}","templated":true}]}}