{"id":64,"date":"2010-12-30T21:34:49","date_gmt":"2010-12-30T21:34:49","guid":{"rendered":"https:\/\/scaffolding-pafili.com"},"modified":"2011-01-04T20:12:46","modified_gmt":"2011-01-04T20:12:46","slug":"traggeruste","status":"publish","type":"page","link":"https:\/\/scaffolding-pafili.com\/de\/traggeruste","title":{"rendered":"Tragger\u00fcste"},"content":{"rendered":"<p style=\"text-align: justify;\">Pafili Tragger\u00fcste erf\u00fcllen h\u00f6chste technische Anspr\u00fcche, die von unterschiedlichen Projekten gestellt werden. Die Ger\u00fcste werden ausschlie\u00dflich aus hochqualitativen Stahl\u00a0 QSTE 460 TM SEW 092 hergestellt und es wird ISO 9002 zertifiziertes Rohmaterial verwendet.<\/p>\n<ul>\n<li style=\"text-align: justify;\">Hochleistungs Stahlrohre \u00d848.8, St\u00e4rke 4mm, geh\u00e4rtet in einem 200\u00baC Brennofen resultieren in hoher Belastbarkeit<\/li>\n<\/ul>\n<ul>\n<li style=\"text-align: justify;\"> MP-110 Haupt- und Nebenmetalltr\u00e4ger, die zweimal h\u00f6here Belastbarkeit als \u00e4hnliche Lasttr\u00e4ger aus Holz bieten, werden erfolgreich in allen Schalungsformen eingesetzt \u00a0(Bauplatten, Betontr\u00e4gern, W\u00e4nde); einschlie\u00dflich in allen Verbindungsst\u00fccken.<\/li>\n<\/ul>\n","protected":false},"excerpt":{"rendered":"<p>Pafili Tragger\u00fcste erf\u00fcllen h\u00f6chste technische Anspr\u00fcche, die von unterschiedlichen Projekten gestellt werden. Die Ger\u00fcste werden ausschlie\u00dflich aus hochqualitativen Stahl\u00a0 QSTE 460 TM SEW 092 hergestellt und es wird ISO 9002 zertifiziertes Rohmaterial verwendet. Hochleistungs Stahlrohre \u00d848.8, St\u00e4rke 4mm, geh\u00e4rtet in einem 200\u00baC Brennofen resultieren in hoher Belastbarkeit MP-110 Haupt- und Nebenmetalltr\u00e4ger, die zweimal h\u00f6here Belastbarkeit [&hellip;]<\/p>\n","protected":false},"author":5,"featured_media":0,"parent":0,"menu_order":0,"comment_status":"closed","ping_status":"open","template":"","meta":{"nf_dc_page":"","footnotes":""},"class_list":["post-64","page","type-page","status-publish","hentry"],"yoast_head":"<!-- This site is optimized with the Yoast SEO plugin v27.3 - https:\/\/yoast.com\/product\/yoast-seo-wordpress\/ -->\n<title>Tragger\u00fcste &#8212; Scaffolding-Pafili<\/title>\n<meta name=\"robots\" content=\"index, follow, max-snippet:-1, max-image-preview:large, max-video-preview:-1\" \/>\n<link rel=\"canonical\" href=\"https:\/\/scaffolding-pafili.com\/de\/traggeruste\" \/>\n<meta property=\"og:locale\" content=\"de_DE\" \/>\n<meta property=\"og:type\" content=\"article\" \/>\n<meta property=\"og:title\" content=\"Tragger\u00fcste &#8212; Scaffolding-Pafili\" \/>\n<meta property=\"og:description\" content=\"Pafili Tragger\u00fcste erf\u00fcllen h\u00f6chste technische Anspr\u00fcche, die von unterschiedlichen Projekten gestellt werden. Die Ger\u00fcste werden ausschlie\u00dflich aus hochqualitativen Stahl\u00a0 QSTE 460 TM SEW 092 hergestellt und es wird ISO 9002 zertifiziertes Rohmaterial verwendet. Hochleistungs Stahlrohre \u00d848.8, St\u00e4rke 4mm, geh\u00e4rtet in einem 200\u00baC Brennofen resultieren in hoher Belastbarkeit MP-110 Haupt- und Nebenmetalltr\u00e4ger, die zweimal h\u00f6here Belastbarkeit [&hellip;]\" \/>\n<meta property=\"og:url\" content=\"https:\/\/scaffolding-pafili.com\/de\/traggeruste\" \/>\n<meta property=\"og:site_name\" content=\"Scaffolding-Pafili\" \/>\n<meta property=\"article:modified_time\" content=\"2011-01-04T20:12:46+00:00\" \/>\n<meta name=\"twitter:card\" content=\"summary_large_image\" \/>\n<script type=\"application\/ld+json\" class=\"yoast-schema-graph\">{\"@context\":\"https:\\\/\\\/schema.org\",\"@graph\":[{\"@type\":\"WebPage\",\"@id\":\"https:\\\/\\\/scaffolding-pafili.com\\\/de\\\/traggeruste\",\"url\":\"https:\\\/\\\/scaffolding-pafili.com\\\/de\\\/traggeruste\",\"name\":\"Tragger\u00fcste &#8212; Scaffolding-Pafili\",\"isPartOf\":{\"@id\":\"https:\\\/\\\/scaffolding-pafili.com\\\/#website\"},\"datePublished\":\"2010-12-30T21:34:49+00:00\",\"dateModified\":\"2011-01-04T20:12:46+00:00\",\"breadcrumb\":{\"@id\":\"https:\\\/\\\/scaffolding-pafili.com\\\/de\\\/traggeruste#breadcrumb\"},\"inLanguage\":\"de\",\"potentialAction\":[{\"@type\":\"ReadAction\",\"target\":[\"https:\\\/\\\/scaffolding-pafili.com\\\/de\\\/traggeruste\"]}]},{\"@type\":\"BreadcrumbList\",\"@id\":\"https:\\\/\\\/scaffolding-pafili.com\\\/de\\\/traggeruste#breadcrumb\",\"itemListElement\":[{\"@type\":\"ListItem\",\"position\":1,\"name\":\"Home\",\"item\":\"https:\\\/\\\/scaffolding-pafili.com\\\/\"},{\"@type\":\"ListItem\",\"position\":2,\"name\":\"Tragger\u00fcste\"}]},{\"@type\":\"WebSite\",\"@id\":\"https:\\\/\\\/scaffolding-pafili.com\\\/#website\",\"url\":\"https:\\\/\\\/scaffolding-pafili.com\\\/\",\"name\":\"Scaffolding-Pafili\",\"description\":\"Professional scaffolding, shuttering and shoring systems\",\"potentialAction\":[{\"@type\":\"SearchAction\",\"target\":{\"@type\":\"EntryPoint\",\"urlTemplate\":\"https:\\\/\\\/scaffolding-pafili.com\\\/?s={search_term_string}\"},\"query-input\":{\"@type\":\"PropertyValueSpecification\",\"valueRequired\":true,\"valueName\":\"search_term_string\"}}],\"inLanguage\":\"de\"}]}<\/script>\n<!-- \/ Yoast SEO plugin. -->","yoast_head_json":{"title":"Tragger\u00fcste &#8212; Scaffolding-Pafili","robots":{"index":"index","follow":"follow","max-snippet":"max-snippet:-1","max-image-preview":"max-image-preview:large","max-video-preview":"max-video-preview:-1"},"canonical":"https:\/\/scaffolding-pafili.com\/de\/traggeruste","og_locale":"de_DE","og_type":"article","og_title":"Tragger\u00fcste &#8212; Scaffolding-Pafili","og_description":"Pafili Tragger\u00fcste erf\u00fcllen h\u00f6chste technische Anspr\u00fcche, die von unterschiedlichen Projekten gestellt werden. Die Ger\u00fcste werden ausschlie\u00dflich aus hochqualitativen Stahl\u00a0 QSTE 460 TM SEW 092 hergestellt und es wird ISO 9002 zertifiziertes Rohmaterial verwendet. Hochleistungs Stahlrohre \u00d848.8, St\u00e4rke 4mm, geh\u00e4rtet in einem 200\u00baC Brennofen resultieren in hoher Belastbarkeit MP-110 Haupt- und Nebenmetalltr\u00e4ger, die zweimal h\u00f6here Belastbarkeit [&hellip;]","og_url":"https:\/\/scaffolding-pafili.com\/de\/traggeruste","og_site_name":"Scaffolding-Pafili","article_modified_time":"2011-01-04T20:12:46+00:00","twitter_card":"summary_large_image","schema":{"@context":"https:\/\/schema.org","@graph":[{"@type":"WebPage","@id":"https:\/\/scaffolding-pafili.com\/de\/traggeruste","url":"https:\/\/scaffolding-pafili.com\/de\/traggeruste","name":"Tragger\u00fcste &#8212; Scaffolding-Pafili","isPartOf":{"@id":"https:\/\/scaffolding-pafili.com\/#website"},"datePublished":"2010-12-30T21:34:49+00:00","dateModified":"2011-01-04T20:12:46+00:00","breadcrumb":{"@id":"https:\/\/scaffolding-pafili.com\/de\/traggeruste#breadcrumb"},"inLanguage":"de","potentialAction":[{"@type":"ReadAction","target":["https:\/\/scaffolding-pafili.com\/de\/traggeruste"]}]},{"@type":"BreadcrumbList","@id":"https:\/\/scaffolding-pafili.com\/de\/traggeruste#breadcrumb","itemListElement":[{"@type":"ListItem","position":1,"name":"Home","item":"https:\/\/scaffolding-pafili.com\/"},{"@type":"ListItem","position":2,"name":"Tragger\u00fcste"}]},{"@type":"WebSite","@id":"https:\/\/scaffolding-pafili.com\/#website","url":"https:\/\/scaffolding-pafili.com\/","name":"Scaffolding-Pafili","description":"Professional scaffolding, shuttering and shoring systems","potentialAction":[{"@type":"SearchAction","target":{"@type":"EntryPoint","urlTemplate":"https:\/\/scaffolding-pafili.com\/?s={search_term_string}"},"query-input":{"@type":"PropertyValueSpecification","valueRequired":true,"valueName":"search_term_string"}}],"inLanguage":"de"}]}},"_links":{"self":[{"href":"https:\/\/scaffolding-pafili.com\/de\/wp-json\/wp\/v2\/pages\/64","targetHints":{"allow":["GET"]}}],"collection":[{"href":"https:\/\/scaffolding-pafili.com\/de\/wp-json\/wp\/v2\/pages"}],"about":[{"href":"https:\/\/scaffolding-pafili.com\/de\/wp-json\/wp\/v2\/types\/page"}],"author":[{"embeddable":true,"href":"https:\/\/scaffolding-pafili.com\/de\/wp-json\/wp\/v2\/users\/5"}],"replies":[{"embeddable":true,"href":"https:\/\/scaffolding-pafili.com\/de\/wp-json\/wp\/v2\/comments?post=64"}],"version-history":[{"count":0,"href":"https:\/\/scaffolding-pafili.com\/de\/wp-json\/wp\/v2\/pages\/64\/revisions"}],"wp:attachment":[{"href":"https:\/\/scaffolding-pafili.com\/de\/wp-json\/wp\/v2\/media?parent=64"}],"curies":[{"name":"wp","href":"https:\/\/api.w.org\/{rel}","templated":true}]}}